{"id":23419368,"date":"2021-02-03T16:51:02","date_gmt":"2021-02-03T15:51:02","guid":{"rendered":"https:\/\/www.wievent.it\/merci-de-votre-attention\/"},"modified":"2025-03-19T16:16:59","modified_gmt":"2025-03-19T15:16:59","slug":"merci-de-votre-attention","status":"publish","type":"page","link":"https:\/\/www.wievent.it\/fr\/merci-de-votre-attention\/","title":{"rendered":"Merci de votre attention."},"content":{"rendered":"<p>[et_pb_section fb_built=\u00a0\u00bb1&Prime; _builder_version=\u00a0\u00bb4.21.0&Prime; hover_enabled=\u00a0\u00bb0&Prime; global_colors_info=\u00a0\u00bb{}\u00a0\u00bb use_background_color_gradient=\u00a0\u00bbon\u00a0\u00bb background_color_gradient_stops=\u00a0\u00bbrgba(0,0,0,0.88) 0vmin|#e5322d 100vmin\u00a0\u00bb background_color_gradient_unit=\u00a0\u00bbvmin\u00a0\u00bb background_color_gradient_overlays_image=\u00a0\u00bbon\u00a0\u00bb background_enable_image=\u00a0\u00bboff\u00a0\u00bb custom_padding=\u00a0\u00bb150px||150px||true|false\u00a0\u00bb sticky_enabled=\u00a0\u00bb0&Prime; da_is_popup=\u00a0\u00bboff\u00a0\u00bb da_exit_intent=\u00a0\u00bboff\u00a0\u00bb da_has_close=\u00a0\u00bbon\u00a0\u00bb da_alt_close=\u00a0\u00bboff\u00a0\u00bb da_dark_close=\u00a0\u00bboff\u00a0\u00bb da_not_modal=\u00a0\u00bbon\u00a0\u00bb da_is_singular=\u00a0\u00bboff\u00a0\u00bb da_with_loader=\u00a0\u00bboff\u00a0\u00bb da_has_shadow=\u00a0\u00bbon\u00a0\u00bb da_disable_devices=\u00a0\u00bboff|off|off\u00a0\u00bb][et_pb_row _builder_version=\u00a0\u00bb4.16&Prime; global_colors_info=\u00a0\u00bb{}\u00a0\u00bb][et_pb_column type=\u00a0\u00bb4_4&Prime; _builder_version=\u00a0\u00bb4.16&Prime; global_colors_info=\u00a0\u00bb{}\u00a0\u00bb][et_pb_text _builder_version=\u00a0\u00bb4.21.0&Prime; text_text_color=\u00a0\u00bb#ffffff\u00a0\u00bb text_font_size=\u00a0\u00bb22px\u00a0\u00bb text_line_height=\u00a0\u00bb1.3em\u00a0\u00bb header_text_color=\u00a0\u00bb#ffffff\u00a0\u00bb header_line_height=\u00a0\u00bb1.3em\u00a0\u00bb hover_enabled=\u00a0\u00bb0&Prime; global_colors_info=\u00a0\u00bb{}\u00a0\u00bb sticky_enabled=\u00a0\u00bb0&Prime;]<\/p>\n<h1 style=\"text-align: center;\"><strong>Merci de nous avoir contact\u00e9s.<\/strong><\/h1>\n<p>&nbsp;<\/p>\n<p style=\"text-align: center;\">Un de nos consultants vous contactera rapidement pour vous fournir toutes les informations n\u00e9cessaires et \u00e9valuer la solution la mieux adapt\u00e9e \u00e0 vos besoins.<\/p>\n<p style=\"text-align: center;\">En attendant, vous pouvez continuer \u00e0 naviguer sur notre site web<\/p>\n<p>[\/et_pb_text][\/et_pb_column][\/et_pb_row][et_pb_row _builder_version=\u00a0\u00bb4.21.0&Prime; _module_preset=\u00a0\u00bbdefault\u00a0\u00bb hover_enabled=\u00a0\u00bb0&Prime; locked=\u00a0\u00bboff\u00a0\u00bb global_colors_info=\u00a0\u00bb{}\u00a0\u00bb sticky_enabled=\u00a0\u00bb0&Prime;][et_pb_column type=\u00a0\u00bb4_4&Prime; _builder_version=\u00a0\u00bb4.21.0&Prime; _module_preset=\u00a0\u00bbdefault\u00a0\u00bb global_colors_info=\u00a0\u00bb{}\u00a0\u00bb][et_pb_button button_url=\u00a0\u00bbhttps:\/\/www.wievent.it\/fr\/\u00a0\u00bb button_text=\u00a0\u00bbVISITEZ LA PAGE D&apos;ACCUEIL\u00a0\u00bb button_alignment=\u00a0\u00bbcenter\u00a0\u00bb button_alignment_tablet=\u00a0\u00bbcenter\u00a0\u00bb button_alignment_phone=\u00a0\u00bbcenter\u00a0\u00bb button_alignment_last_edited=\u00a0\u00bbon|desktop\u00a0\u00bb _builder_version=\u00a0\u00bb4.21.0&Prime; _module_preset=\u00a0\u00bbdefault\u00a0\u00bb custom_button=\u00a0\u00bbon\u00a0\u00bb button_text_color=\u00a0\u00bb#FFFFFF\u00a0\u00bb button_bg_color=\u00a0\u00bb#E02B20&Prime; hover_enabled=\u00a0\u00bb0&Prime; global_colors_info=\u00a0\u00bb{}\u00a0\u00bb sticky_enabled=\u00a0\u00bb0&Prime;][\/et_pb_button][\/et_pb_column][\/et_pb_row][\/et_pb_section]<\/p>\n","protected":false},"excerpt":{"rendered":"<p>Merci de nous avoir contact\u00e9s. &nbsp; Un de nos consultants vous contactera rapidement pour vous fournir toutes les informations n\u00e9cessaires et \u00e9valuer la solution la mieux adapt\u00e9e \u00e0 vos besoins. En attendant, vous pouvez continuer \u00e0 naviguer sur notre site web<\/p>\n","protected":false},"author":1,"featured_media":0,"parent":0,"menu_order":0,"comment_status":"closed","ping_status":"closed","template":"","meta":{"_et_pb_use_builder":"on","_et_pb_old_content":"","_et_gb_content_width":""},"yoast_head":"<!-- This site is optimized with the Yoast SEO plugin v20.8 - https:\/\/yoast.com\/wordpress\/plugins\/seo\/ -->\n<title>Merci de votre attention. - Wievent - Format per Eventi Aziendali<\/title>\n<meta name=\"robots\" content=\"index, follow, max-snippet:-1, max-image-preview:large, max-video-preview:-1\" \/>\n<link rel=\"canonical\" href=\"https:\/\/www.wievent.it\/fr\/merci-de-votre-attention\/\" \/>\n<meta property=\"og:locale\" content=\"fr_FR\" \/>\n<meta property=\"og:type\" content=\"article\" \/>\n<meta property=\"og:title\" content=\"Merci de votre attention. - Wievent - Format per Eventi Aziendali\" \/>\n<meta property=\"og:description\" content=\"Merci de nous avoir contact\u00e9s. &nbsp; Un de nos consultants vous contactera rapidement pour vous fournir toutes les informations n\u00e9cessaires et \u00e9valuer la solution la mieux adapt\u00e9e \u00e0 vos besoins. En attendant, vous pouvez continuer \u00e0 naviguer sur notre site web\" \/>\n<meta property=\"og:url\" content=\"https:\/\/www.wievent.it\/fr\/merci-de-votre-attention\/\" \/>\n<meta property=\"og:site_name\" content=\"Wievent - Format per Eventi Aziendali\" \/>\n<meta property=\"article:publisher\" content=\"https:\/\/www.facebook.com\/wicontest\" \/>\n<meta property=\"article:modified_time\" content=\"2025-03-19T15:16:59+00:00\" \/>\n<meta name=\"twitter:card\" content=\"summary_large_image\" \/>\n<meta name=\"twitter:label1\" content=\"Dur\u00e9e de lecture estim\u00e9e\" \/>\n\t<meta name=\"twitter:data1\" content=\"1 minute\" \/>\n<script type=\"application\/ld+json\" class=\"yoast-schema-graph\">{\"@context\":\"https:\/\/schema.org\",\"@graph\":[{\"@type\":\"WebPage\",\"@id\":\"https:\/\/www.wievent.it\/fr\/merci-de-votre-attention\/\",\"url\":\"https:\/\/www.wievent.it\/fr\/merci-de-votre-attention\/\",\"name\":\"Merci de votre attention. - Wievent - Format per Eventi Aziendali\",\"isPartOf\":{\"@id\":\"https:\/\/www.wievent.it\/fr\/#website\"},\"datePublished\":\"2021-02-03T15:51:02+00:00\",\"dateModified\":\"2025-03-19T15:16:59+00:00\",\"breadcrumb\":{\"@id\":\"https:\/\/www.wievent.it\/fr\/merci-de-votre-attention\/#breadcrumb\"},\"inLanguage\":\"fr-FR\",\"potentialAction\":[{\"@type\":\"ReadAction\",\"target\":[\"https:\/\/www.wievent.it\/fr\/merci-de-votre-attention\/\"]}]},{\"@type\":\"BreadcrumbList\",\"@id\":\"https:\/\/www.wievent.it\/fr\/merci-de-votre-attention\/#breadcrumb\",\"itemListElement\":[{\"@type\":\"ListItem\",\"position\":1,\"name\":\"Home\",\"item\":\"https:\/\/www.wievent.it\/fr\/page-daccueil-de-wievent\/\"},{\"@type\":\"ListItem\",\"position\":2,\"name\":\"Merci de votre attention.\"}]},{\"@type\":\"WebSite\",\"@id\":\"https:\/\/www.wievent.it\/fr\/#website\",\"url\":\"https:\/\/www.wievent.it\/fr\/\",\"name\":\"Wievent - Format per Eventi Aziendali\",\"description\":\"\",\"publisher\":{\"@id\":\"https:\/\/www.wievent.it\/fr\/#organization\"},\"potentialAction\":[{\"@type\":\"SearchAction\",\"target\":{\"@type\":\"EntryPoint\",\"urlTemplate\":\"https:\/\/www.wievent.it\/fr\/?s={search_term_string}\"},\"query-input\":\"required name=search_term_string\"}],\"inLanguage\":\"fr-FR\"},{\"@type\":\"Organization\",\"@id\":\"https:\/\/www.wievent.it\/fr\/#organization\",\"name\":\"Wicontest\",\"url\":\"https:\/\/www.wievent.it\/fr\/\",\"logo\":{\"@type\":\"ImageObject\",\"inLanguage\":\"fr-FR\",\"@id\":\"https:\/\/www.wievent.it\/fr\/#\/schema\/logo\/image\/\",\"url\":\"https:\/\/business.wicontest.com\/wp-content\/uploads\/2020\/03\/logowicontestbusiness.png\",\"contentUrl\":\"https:\/\/business.wicontest.com\/wp-content\/uploads\/2020\/03\/logowicontestbusiness.png\",\"width\":400,\"height\":123,\"caption\":\"Wicontest\"},\"image\":{\"@id\":\"https:\/\/www.wievent.it\/fr\/#\/schema\/logo\/image\/\"},\"sameAs\":[\"https:\/\/www.facebook.com\/wicontest\",\"https:\/\/www.linkedin.com\/company\/wicontest\/\"]}]}<\/script>\n<!-- \/ Yoast SEO plugin. -->","yoast_head_json":{"title":"Merci de votre attention. - Wievent - Format per Eventi Aziendali","robots":{"index":"index","follow":"follow","max-snippet":"max-snippet:-1","max-image-preview":"max-image-preview:large","max-video-preview":"max-video-preview:-1"},"canonical":"https:\/\/www.wievent.it\/fr\/merci-de-votre-attention\/","og_locale":"fr_FR","og_type":"article","og_title":"Merci de votre attention. - Wievent - Format per Eventi Aziendali","og_description":"Merci de nous avoir contact\u00e9s. &nbsp; Un de nos consultants vous contactera rapidement pour vous fournir toutes les informations n\u00e9cessaires et \u00e9valuer la solution la mieux adapt\u00e9e \u00e0 vos besoins. En attendant, vous pouvez continuer \u00e0 naviguer sur notre site web","og_url":"https:\/\/www.wievent.it\/fr\/merci-de-votre-attention\/","og_site_name":"Wievent - Format per Eventi Aziendali","article_publisher":"https:\/\/www.facebook.com\/wicontest","article_modified_time":"2025-03-19T15:16:59+00:00","twitter_card":"summary_large_image","twitter_misc":{"Dur\u00e9e de lecture estim\u00e9e":"1 minute"},"schema":{"@context":"https:\/\/schema.org","@graph":[{"@type":"WebPage","@id":"https:\/\/www.wievent.it\/fr\/merci-de-votre-attention\/","url":"https:\/\/www.wievent.it\/fr\/merci-de-votre-attention\/","name":"Merci de votre attention. - Wievent - Format per Eventi Aziendali","isPartOf":{"@id":"https:\/\/www.wievent.it\/fr\/#website"},"datePublished":"2021-02-03T15:51:02+00:00","dateModified":"2025-03-19T15:16:59+00:00","breadcrumb":{"@id":"https:\/\/www.wievent.it\/fr\/merci-de-votre-attention\/#breadcrumb"},"inLanguage":"fr-FR","potentialAction":[{"@type":"ReadAction","target":["https:\/\/www.wievent.it\/fr\/merci-de-votre-attention\/"]}]},{"@type":"BreadcrumbList","@id":"https:\/\/www.wievent.it\/fr\/merci-de-votre-attention\/#breadcrumb","itemListElement":[{"@type":"ListItem","position":1,"name":"Home","item":"https:\/\/www.wievent.it\/fr\/page-daccueil-de-wievent\/"},{"@type":"ListItem","position":2,"name":"Merci de votre attention."}]},{"@type":"WebSite","@id":"https:\/\/www.wievent.it\/fr\/#website","url":"https:\/\/www.wievent.it\/fr\/","name":"Wievent - Format per Eventi Aziendali","description":"","publisher":{"@id":"https:\/\/www.wievent.it\/fr\/#organization"},"potentialAction":[{"@type":"SearchAction","target":{"@type":"EntryPoint","urlTemplate":"https:\/\/www.wievent.it\/fr\/?s={search_term_string}"},"query-input":"required name=search_term_string"}],"inLanguage":"fr-FR"},{"@type":"Organization","@id":"https:\/\/www.wievent.it\/fr\/#organization","name":"Wicontest","url":"https:\/\/www.wievent.it\/fr\/","logo":{"@type":"ImageObject","inLanguage":"fr-FR","@id":"https:\/\/www.wievent.it\/fr\/#\/schema\/logo\/image\/","url":"https:\/\/business.wicontest.com\/wp-content\/uploads\/2020\/03\/logowicontestbusiness.png","contentUrl":"https:\/\/business.wicontest.com\/wp-content\/uploads\/2020\/03\/logowicontestbusiness.png","width":400,"height":123,"caption":"Wicontest"},"image":{"@id":"https:\/\/www.wievent.it\/fr\/#\/schema\/logo\/image\/"},"sameAs":["https:\/\/www.facebook.com\/wicontest","https:\/\/www.linkedin.com\/company\/wicontest\/"]}]}},"_links":{"self":[{"href":"https:\/\/www.wievent.it\/fr\/wp-json\/wp\/v2\/pages\/23419368"}],"collection":[{"href":"https:\/\/www.wievent.it\/fr\/wp-json\/wp\/v2\/pages"}],"about":[{"href":"https:\/\/www.wievent.it\/fr\/wp-json\/wp\/v2\/types\/page"}],"author":[{"embeddable":true,"href":"https:\/\/www.wievent.it\/fr\/wp-json\/wp\/v2\/users\/1"}],"replies":[{"embeddable":true,"href":"https:\/\/www.wievent.it\/fr\/wp-json\/wp\/v2\/comments?post=23419368"}],"version-history":[{"count":8,"href":"https:\/\/www.wievent.it\/fr\/wp-json\/wp\/v2\/pages\/23419368\/revisions"}],"predecessor-version":[{"id":23419392,"href":"https:\/\/www.wievent.it\/fr\/wp-json\/wp\/v2\/pages\/23419368\/revisions\/23419392"}],"wp:attachment":[{"href":"https:\/\/www.wievent.it\/fr\/wp-json\/wp\/v2\/media?parent=23419368"}],"curies":[{"name":"wp","href":"https:\/\/api.w.org\/{rel}","templated":true}]}}